{"id":3456,"date":"2026-05-12T10:15:02","date_gmt":"2026-05-12T10:15:02","guid":{"rendered":"https:\/\/xn--fleksilrling-ddb.no\/?page_id=3456"},"modified":"2026-05-12T10:15:18","modified_gmt":"2026-05-12T10:15:18","slug":"helsefag","status":"publish","type":"page","link":"https:\/\/xn--fleksilrling-ddb.no\/?page_id=3456","title":{"rendered":"Helsefag"},"content":{"rendered":"\n<hr class=\"wp-block-separator has-alpha-channel-opacity\"\/>\n\n\n\n<div class=\"wp-block-media-text alignfull is-stacked-on-mobile\" style=\"border-width:5px;margin-top:0;margin-bottom:0;padding-top:0;padding-right:0;padding-bottom:0;padding-left:0;grid-template-columns:55% auto\"><figure class=\"wp-block-media-text__media\"><img loading=\"lazy\" decoding=\"async\" width=\"1024\" height=\"771\" src=\"https:\/\/xn--fleksilrling-ddb.no\/wp-content\/uploads\/2026\/05\/Sjoji_Editorial_style_portrait_of_a_diverse_group_of_Brazilia_4fe210ff-9f6b-4103-9e15-84efa44659bc_2-1024x771.png\" alt=\"\" class=\"wp-image-3458 size-full\" srcset=\"https:\/\/xn--fleksilrling-ddb.no\/wp-content\/uploads\/2026\/05\/Sjoji_Editorial_style_portrait_of_a_diverse_group_of_Brazilia_4fe210ff-9f6b-4103-9e15-84efa44659bc_2-1024x771.png 1024w, https:\/\/xn--fleksilrling-ddb.no\/wp-content\/uploads\/2026\/05\/Sjoji_Editorial_style_portrait_of_a_diverse_group_of_Brazilia_4fe210ff-9f6b-4103-9e15-84efa44659bc_2-300x226.png 300w, https:\/\/xn--fleksilrling-ddb.no\/wp-content\/uploads\/2026\/05\/Sjoji_Editorial_style_portrait_of_a_diverse_group_of_Brazilia_4fe210ff-9f6b-4103-9e15-84efa44659bc_2-768x578.png 768w, https:\/\/xn--fleksilrling-ddb.no\/wp-content\/uploads\/2026\/05\/Sjoji_Editorial_style_portrait_of_a_diverse_group_of_Brazilia_4fe210ff-9f6b-4103-9e15-84efa44659bc_2.png 1232w\" sizes=\"auto, (max-width: 1024px) 100vw, 1024px\" \/><\/figure><div class=\"wp-block-media-text__content\">\n<h1 class=\"wp-block-heading\">Helsefag<\/h1>\n\n\n\n<p>Her kan du jobbe med temaer knyttet til helsefag.<\/p>\n<\/div><\/div>\n\n\n\n<div class=\"wp-block-group alignfull has-foreground-background-color has-background has-global-padding is-layout-constrained wp-container-core-group-is-layout-be04af43 wp-block-group-is-layout-constrained\" style=\"border-style:none;border-width:0px;min-height:0px;margin-top:0;margin-bottom:0\">\n<h2 class=\"wp-block-heading alignfull has-text-align-left has-secondary-color has-foreground-background-color has-text-color has-background has-link-color wp-elements-ebbfd73c49e6e429bf8a7bde96916e69\" style=\"border-style:none;border-width:0px;border-radius:0px\">Temaer<\/h2>\n\n\n\n<div class=\"wp-block-columns alignfull are-vertically-aligned-top has-tertiary-background-color has-background is-layout-flex wp-container-core-columns-is-layout-f0342b05 wp-block-columns-is-layout-flex\" style=\"border-style:none;border-width:0px;border-radius:0px;margin-top:0;margin-bottom:0\">\n<div class=\"wp-block-column is-vertically-aligned-top is-layout-flow wp-block-column-is-layout-flow\">\n<div class=\"wp-block-media-text is-stacked-on-mobile is-vertically-aligned-top is-image-fill-element\" style=\"border-width:2px;grid-template-columns:41% auto\"><figure class=\"wp-block-media-text__media\"><a href=\"https:\/\/xn--fleksilrling-ddb.no\/?page_id=3361\"><img loading=\"lazy\" decoding=\"async\" width=\"1024\" height=\"574\" src=\"https:\/\/xn--fleksilrling-ddb.no\/wp-content\/uploads\/2026\/05\/juanb666_show_product_stock_photography._-ar_169_-stylize_75__9a1a8d9d-dc39-4ef1-a00b-679663b05292-1-1024x574.png\" alt=\"\" class=\"wp-image-3460 size-full\" style=\"object-position:50% 50%\" srcset=\"https:\/\/xn--fleksilrling-ddb.no\/wp-content\/uploads\/2026\/05\/juanb666_show_product_stock_photography._-ar_169_-stylize_75__9a1a8d9d-dc39-4ef1-a00b-679663b05292-1-1024x574.png 1024w, https:\/\/xn--fleksilrling-ddb.no\/wp-content\/uploads\/2026\/05\/juanb666_show_product_stock_photography._-ar_169_-stylize_75__9a1a8d9d-dc39-4ef1-a00b-679663b05292-1-300x168.png 300w, https:\/\/xn--fleksilrling-ddb.no\/wp-content\/uploads\/2026\/05\/juanb666_show_product_stock_photography._-ar_169_-stylize_75__9a1a8d9d-dc39-4ef1-a00b-679663b05292-1-768x430.png 768w, https:\/\/xn--fleksilrling-ddb.no\/wp-content\/uploads\/2026\/05\/juanb666_show_product_stock_photography._-ar_169_-stylize_75__9a1a8d9d-dc39-4ef1-a00b-679663b05292-1.png 1456w\" sizes=\"auto, (max-width: 1024px) 100vw, 1024px\" \/><\/a><\/figure><div class=\"wp-block-media-text__content\">\n<h4 class=\"wp-block-heading\" style=\"border-style:none;border-width:0px\"><a href=\"https:\/\/xn--fleksilrling-ddb.no\/?page_id=3361\" data-type=\"link\" data-id=\"https:\/\/xn--fleksilrling-ddb.no\/?page_id=3361\">Antibiotika<\/a><\/h4>\n\n\n\n<p>L\u00e6r om antibiotika.<\/p>\n<\/div><\/div>\n<\/div>\n\n\n\n<div class=\"wp-block-column is-vertically-aligned-top is-layout-flow wp-block-column-is-layout-flow\"><\/div>\n\n\n\n<div class=\"wp-block-column is-vertically-aligned-top is-layout-flow wp-block-column-is-layout-flow\"><\/div>\n<\/div>\n<\/div>\n\n\n\n<script>\n  document.addEventListener('DOMContentLoaded', function() {\n    \/\/ Deaktiver eksisterende tooltips\n    const tooltipWords = document.querySelectorAll('.tooltip-word');\n    if (tooltipWords.length > 0) {\n      tooltipWords.forEach(function(word) {\n        const text = word.textContent;\n        const span = document.createElement('span');\n        span.textContent = text;\n        word.parentNode.replaceChild(span, word);\n      });\n    }\n    \n    \/\/ Forhindre at nye tooltips blir lagt til\n    window.disableTooltips = true;\n    \n    \/\/ Pr\u00f8v \u00e5 stoppe tooltip-prosessen direkte ved \u00e5 overskrive funksjoner\n    try {\n      \/\/ Stiler som brukes til \u00e5 skjule alle tooltip-effekter\n      const styleElement = document.createElement('style');\n      styleElement.textContent = `\n        .tooltip-word {\n          border-bottom: none !important;\n          cursor: inherit !important;\n        }\n        .tooltip-word:hover::after,\n        .tooltip-word:hover::before {\n          display: none !important;\n          content: none !important;\n        }\n      `;\n      document.head.appendChild(styleElement);\n      \n      \/\/ Overskrive processTextNode-funksjonen hvis den eksisterer\n      if (window.processTextNode) {\n        window.processTextNode = function() { return; };\n      }\n      \n      \/\/ Overskrive addTooltips-funksjonen hvis den eksisterer\n      if (window.addTooltips) {\n        window.addTooltips = function() { return; };\n      }\n      \n      \/\/ Stopp MutationObserver for tooltips ved \u00e5 finne og frakoble den\n      if (window.MutationObserver) {\n        \/\/ Dette er en mer aggressiv tiln\u00e6rming - vil p\u00e5virke alle observers\n        const originalObserve = MutationObserver.prototype.observe;\n        MutationObserver.prototype.observe = function(target, options) {\n          if (target === document.body) {\n            console.log('Tooltip observer blokkert');\n            return null;\n          }\n          return originalObserve.apply(this, arguments);\n        };\n      }\n      \n      \/\/ Stopp jQuery-funksjoner relatert til tooltips\n      if (window.jQuery) {\n        jQuery(document).ready(function($) {\n          \/\/ Fjern eventuelle eksisterende events som kan legge til tooltips\n          $(document).off('DOMNodeInserted');\n          $(document).off('DOMContentLoaded');\n          $(document.body).off('*');\n          \n          \/\/ Tving reinitialisering \u00e5 feile\n          $.fn.addTooltips = function() { return this; };\n        });\n      }\n    } catch (e) {\n      console.error('Feil ved deaktivering av tooltips:', e);\n    }\n  });\n  \n  \/\/ Legg til en forsinkelse for \u00e5 h\u00e5ndtere tilfeller der tooltips lastes inn senere\n  setTimeout(function() {\n    \/\/ Sjekk igjen etter tooltips og fjern dem\n    const lateTooltipWords = document.querySelectorAll('.tooltip-word');\n    if (lateTooltipWords.length > 0) {\n      lateTooltipWords.forEach(function(word) {\n        const text = word.textContent;\n        const span = document.createElement('span');\n        span.textContent = text;\n        word.parentNode.replaceChild(span, word);\n      });\n    }\n  }, 1000);\n<\/script>\n\n\n\n<p><\/p>\n\n\n\n<p><\/p>\n","protected":false},"excerpt":{"rendered":"<p>Helsefag Her kan du jobbe med temaer knyttet til helsefag. Temaer Antibiotika L\u00e6r om antibiotika.<\/p>\n","protected":false},"author":4,"featured_media":0,"parent":0,"menu_order":0,"comment_status":"closed","ping_status":"closed","template":"","meta":{"_uag_custom_page_level_css":"","footnotes":""},"class_list":["post-3456","page","type-page","status-publish","hentry"],"uagb_featured_image_src":{"full":false,"thumbnail":false,"medium":false,"medium_large":false,"large":false,"1536x1536":false,"2048x2048":false},"uagb_author_info":{"display_name":"Tollef","author_link":"https:\/\/xn--fleksilrling-ddb.no\/?author=4"},"uagb_comment_info":0,"uagb_excerpt":"Helsefag Her kan du jobbe med temaer knyttet til helsefag. Temaer Antibiotika L\u00e6r om antibiotika.","jetpack_sharing_enabled":true,"_links":{"self":[{"href":"https:\/\/xn--fleksilrling-ddb.no\/index.php?rest_route=\/wp\/v2\/pages\/3456","targetHints":{"allow":["GET"]}}],"collection":[{"href":"https:\/\/xn--fleksilrling-ddb.no\/index.php?rest_route=\/wp\/v2\/pages"}],"about":[{"href":"https:\/\/xn--fleksilrling-ddb.no\/index.php?rest_route=\/wp\/v2\/types\/page"}],"author":[{"embeddable":true,"href":"https:\/\/xn--fleksilrling-ddb.no\/index.php?rest_route=\/wp\/v2\/users\/4"}],"replies":[{"embeddable":true,"href":"https:\/\/xn--fleksilrling-ddb.no\/index.php?rest_route=%2Fwp%2Fv2%2Fcomments&post=3456"}],"version-history":[{"count":2,"href":"https:\/\/xn--fleksilrling-ddb.no\/index.php?rest_route=\/wp\/v2\/pages\/3456\/revisions"}],"predecessor-version":[{"id":3464,"href":"https:\/\/xn--fleksilrling-ddb.no\/index.php?rest_route=\/wp\/v2\/pages\/3456\/revisions\/3464"}],"wp:attachment":[{"href":"https:\/\/xn--fleksilrling-ddb.no\/index.php?rest_route=%2Fwp%2Fv2%2Fmedia&parent=3456"}],"curies":[{"name":"wp","href":"https:\/\/api.w.org\/{rel}","templated":true}]}}